{"id":1469,"date":"2025-06-09T15:28:03","date_gmt":"2025-06-09T13:28:03","guid":{"rendered":"https:\/\/villa196.fr\/?page_id=1469"},"modified":"2025-06-21T16:13:09","modified_gmt":"2025-06-21T14:13:09","slug":"mentions-legales","status":"publish","type":"page","link":"https:\/\/villa196.fr\/index.php\/mentions-legales\/","title":{"rendered":"Mentions l\u00e9gales"},"content":{"rendered":"\t\t<div data-elementor-type=\"wp-page\" data-elementor-id=\"1469\" class=\"elementor elementor-1469\">\n\t\t\t\t<div class=\"elementor-element elementor-element-b384bc3 e-flex e-con-boxed e-con e-parent\" data-id=\"b384bc3\" data-element_type=\"container\">\n\t\t\t\t\t<div class=\"e-con-inner\">\n\t\t\t\t<div class=\"elementor-element elementor-element-043a91e elementor-widget elementor-widget-heading\" data-id=\"043a91e\" data-element_type=\"widget\" data-widget_type=\"heading.default\">\n\t\t\t\t<div class=\"elementor-widget-container\">\n\t\t\t\t\t<h2 class=\"elementor-heading-title elementor-size-default\">Mentions l\u00e9gales<\/h2>\t\t\t\t<\/div>\n\t\t\t\t<\/div>\n\t\t\t\t\t<\/div>\n\t\t\t\t<\/div>\n\t\t<div class=\"elementor-element elementor-element-d646991 e-flex e-con-boxed e-con e-parent\" data-id=\"d646991\" data-element_type=\"container\">\n\t\t\t\t\t<div class=\"e-con-inner\">\n\t\t\t\t<div class=\"elementor-element elementor-element-234f9c6 elementor-widget elementor-widget-text-editor\" data-id=\"234f9c6\" data-element_type=\"widget\" data-widget_type=\"text-editor.default\">\n\t\t\t\t<div class=\"elementor-widget-container\">\n\t\t\t\t\t\t\t\t\t<p><strong>\u00c9diteur du site<\/strong><\/p>\t\t\t\t\t\t\t\t<\/div>\n\t\t\t\t<\/div>\n\t\t\t\t<div class=\"elementor-element elementor-element-96b8f73 elementor-widget elementor-widget-text-editor\" data-id=\"96b8f73\" data-element_type=\"widget\" data-widget_type=\"text-editor.default\">\n\t\t\t\t<div class=\"elementor-widget-container\">\n\t\t\t\t\t\t\t\t\t<p><strong>D\u00e9nomination sociale<\/strong>\u00a0: VILLA 19.6<br \/><strong>Forme juridique<\/strong>\u00a0: Soci\u00e9t\u00e9 \u00e0 responsabilit\u00e9 limit\u00e9e (SARL)<br \/><strong>SIREN<\/strong>\u00a0: 983 845 652<br \/><strong>SIRET<\/strong>\u00a0: 983 845 652 00012<br \/><strong>Code APE \/ NAF<\/strong>\u00a0: 47.59A \u2013 Commerce de d\u00e9tail de meubles<br \/><strong>N\u00b0 TVA intracommunautaire<\/strong>\u00a0: FR16 983 845 652<br \/><strong>Adresse du si\u00e8ge social<\/strong>\u00a0: 102 avenue Georges Cl\u00e9menceau, 83310 Cogolin \u2013 France<br \/><strong>T\u00e9l\u00e9phone<\/strong>\u00a0: +33 7 62 72 86 80<br \/><strong>Adresse e-mail<\/strong>\u00a0:\u00a0<a href=\"mailto:contact@villa196.fr\" target=\"_blank\" rel=\"nofollow noopener noreferrer\">contact@villa196.fr<\/a><br \/><strong>Repr\u00e9sentante l\u00e9gale \/ Directrice de la publication<\/strong>\u00a0: Justine Badon<\/p>\t\t\t\t\t\t\t\t<\/div>\n\t\t\t\t<\/div>\n\t\t\t\t\t<\/div>\n\t\t\t\t<\/div>\n\t\t<div class=\"elementor-element elementor-element-b0d81b8 e-flex e-con-boxed e-con e-parent\" data-id=\"b0d81b8\" data-element_type=\"container\">\n\t\t\t\t\t<div class=\"e-con-inner\">\n\t\t\t\t<div class=\"elementor-element elementor-element-af4425a elementor-widget-divider--view-line elementor-widget elementor-widget-divider\" data-id=\"af4425a\" data-element_type=\"widget\" data-widget_type=\"divider.default\">\n\t\t\t\t<div class=\"elementor-widget-container\">\n\t\t\t\t\t\t\t<div class=\"elementor-divider\">\n\t\t\t<span class=\"elementor-divider-separator\">\n\t\t\t\t\t\t<\/span>\n\t\t<\/div>\n\t\t\t\t\t\t<\/div>\n\t\t\t\t<\/div>\n\t\t\t\t\t<\/div>\n\t\t\t\t<\/div>\n\t\t<div class=\"elementor-element elementor-element-8abd6fd e-flex e-con-boxed e-con e-parent\" data-id=\"8abd6fd\" data-element_type=\"container\">\n\t\t\t\t\t<div class=\"e-con-inner\">\n\t\t\t\t<div class=\"elementor-element elementor-element-cd7dd36 elementor-widget elementor-widget-text-editor\" data-id=\"cd7dd36\" data-element_type=\"widget\" data-widget_type=\"text-editor.default\">\n\t\t\t\t<div class=\"elementor-widget-container\">\n\t\t\t\t\t\t\t\t\t<p><strong>H\u00e9bergeur du site<\/strong><\/p>\t\t\t\t\t\t\t\t<\/div>\n\t\t\t\t<\/div>\n\t\t\t\t<div class=\"elementor-element elementor-element-549c610 elementor-widget elementor-widget-text-editor\" data-id=\"549c610\" data-element_type=\"widget\" data-widget_type=\"text-editor.default\">\n\t\t\t\t<div class=\"elementor-widget-container\">\n\t\t\t\t\t\t\t\t\t<p><strong>Nom<\/strong>&nbsp;: OVHcloud<br><strong>Raison sociale<\/strong>&nbsp;: OVH SAS<br><strong>Adresse<\/strong>&nbsp;: 2 rue Kellermann, 59100 Roubaix \u2013 France<br><strong>T\u00e9l\u00e9phone<\/strong>&nbsp;: 1007<br><strong>Site web<\/strong>&nbsp;:&nbsp;<a href=\"https:\/\/www.ovhcloud.com\/\" target=\"_blank\" rel=\"nofollow noopener noreferrer\">https:\/\/www.ovhcloud.com<\/a><\/p>\t\t\t\t\t\t\t\t<\/div>\n\t\t\t\t<\/div>\n\t\t\t\t\t<\/div>\n\t\t\t\t<\/div>\n\t\t<div class=\"elementor-element elementor-element-3b8e92e e-flex e-con-boxed e-con e-parent\" data-id=\"3b8e92e\" data-element_type=\"container\">\n\t\t\t\t\t<div class=\"e-con-inner\">\n\t\t\t\t<div class=\"elementor-element elementor-element-dde628b elementor-widget-divider--view-line elementor-widget elementor-widget-divider\" data-id=\"dde628b\" data-element_type=\"widget\" data-widget_type=\"divider.default\">\n\t\t\t\t<div class=\"elementor-widget-container\">\n\t\t\t\t\t\t\t<div class=\"elementor-divider\">\n\t\t\t<span class=\"elementor-divider-separator\">\n\t\t\t\t\t\t<\/span>\n\t\t<\/div>\n\t\t\t\t\t\t<\/div>\n\t\t\t\t<\/div>\n\t\t\t\t\t<\/div>\n\t\t\t\t<\/div>\n\t\t<div class=\"elementor-element elementor-element-bc700dc e-flex e-con-boxed e-con e-parent\" data-id=\"bc700dc\" data-element_type=\"container\">\n\t\t\t\t\t<div class=\"e-con-inner\">\n\t\t\t\t<div class=\"elementor-element elementor-element-aa012c2 elementor-widget elementor-widget-text-editor\" data-id=\"aa012c2\" data-element_type=\"widget\" data-widget_type=\"text-editor.default\">\n\t\t\t\t<div class=\"elementor-widget-container\">\n\t\t\t\t\t\t\t\t\t<p><strong>Conception esth\u00e9tique et ergonomique<\/strong><\/p>\t\t\t\t\t\t\t\t<\/div>\n\t\t\t\t<\/div>\n\t\t\t\t<div class=\"elementor-element elementor-element-caa2c3b elementor-widget elementor-widget-text-editor\" data-id=\"caa2c3b\" data-element_type=\"widget\" data-widget_type=\"text-editor.default\">\n\t\t\t\t<div class=\"elementor-widget-container\">\n\t\t\t\t\t\t\t\t\t<div><strong>Agence<\/strong>&nbsp;: Agence R Num\u00e9rique<br clear=\"none\"><strong>Site<\/strong>&nbsp;:&nbsp;<a href=\"https:\/\/agence-rnumerique.com\/\" target=\"_blank\" rel=\"nofollow noopener noreferrer\" shape=\"rect\">https:\/\/agence-rnumerique.com<\/a><br clear=\"none\"><strong>Contact<\/strong>&nbsp;:&nbsp;<a href=\"mailto:contact@agence-rnumerique.com\" target=\"_blank\" rel=\"nofollow noopener noreferrer\" shape=\"rect\">contact@agence-rnumerique.com<\/a>&nbsp;<\/div>\t\t\t\t\t\t\t\t<\/div>\n\t\t\t\t<\/div>\n\t\t\t\t\t<\/div>\n\t\t\t\t<\/div>\n\t\t<div class=\"elementor-element elementor-element-f93a95f e-flex e-con-boxed e-con e-parent\" data-id=\"f93a95f\" data-element_type=\"container\">\n\t\t\t\t\t<div class=\"e-con-inner\">\n\t\t\t\t<div class=\"elementor-element elementor-element-7202262 elementor-widget-divider--view-line elementor-widget elementor-widget-divider\" data-id=\"7202262\" data-element_type=\"widget\" data-widget_type=\"divider.default\">\n\t\t\t\t<div class=\"elementor-widget-container\">\n\t\t\t\t\t\t\t<div class=\"elementor-divider\">\n\t\t\t<span class=\"elementor-divider-separator\">\n\t\t\t\t\t\t<\/span>\n\t\t<\/div>\n\t\t\t\t\t\t<\/div>\n\t\t\t\t<\/div>\n\t\t\t\t\t<\/div>\n\t\t\t\t<\/div>\n\t\t<div class=\"elementor-element elementor-element-250b985 e-flex e-con-boxed e-con e-parent\" data-id=\"250b985\" data-element_type=\"container\">\n\t\t\t\t\t<div class=\"e-con-inner\">\n\t\t\t\t<div class=\"elementor-element elementor-element-b19ba8a elementor-widget elementor-widget-text-editor\" data-id=\"b19ba8a\" data-element_type=\"widget\" data-widget_type=\"text-editor.default\">\n\t\t\t\t<div class=\"elementor-widget-container\">\n\t\t\t\t\t\t\t\t\t<p><strong>Int\u00e9gration web et d\u00e9veloppement<\/strong><\/p>\t\t\t\t\t\t\t\t<\/div>\n\t\t\t\t<\/div>\n\t\t\t\t<div class=\"elementor-element elementor-element-6dc337f elementor-widget elementor-widget-text-editor\" data-id=\"6dc337f\" data-element_type=\"widget\" data-widget_type=\"text-editor.default\">\n\t\t\t\t<div class=\"elementor-widget-container\">\n\t\t\t\t\t\t\t\t\t<div><strong>Agence<\/strong> : TJ Info<br clear=\"none\" \/><strong>Site<\/strong>\u00a0:\u00a0 https:\/\/drone.tjinfo.fr<br clear=\"none\" \/><strong>Contact<\/strong>\u00a0: drone@tjinfo.fr<\/div>\t\t\t\t\t\t\t\t<\/div>\n\t\t\t\t<\/div>\n\t\t\t\t\t<\/div>\n\t\t\t\t<\/div>\n\t\t<div class=\"elementor-element elementor-element-ec27ac4 e-flex e-con-boxed e-con e-parent\" data-id=\"ec27ac4\" data-element_type=\"container\">\n\t\t\t\t\t<div class=\"e-con-inner\">\n\t\t\t\t<div class=\"elementor-element elementor-element-43c111f elementor-widget-divider--view-line elementor-widget elementor-widget-divider\" data-id=\"43c111f\" data-element_type=\"widget\" data-widget_type=\"divider.default\">\n\t\t\t\t<div class=\"elementor-widget-container\">\n\t\t\t\t\t\t\t<div class=\"elementor-divider\">\n\t\t\t<span class=\"elementor-divider-separator\">\n\t\t\t\t\t\t<\/span>\n\t\t<\/div>\n\t\t\t\t\t\t<\/div>\n\t\t\t\t<\/div>\n\t\t\t\t\t<\/div>\n\t\t\t\t<\/div>\n\t\t<div class=\"elementor-element elementor-element-6a69f9a e-flex e-con-boxed e-con e-parent\" data-id=\"6a69f9a\" data-element_type=\"container\">\n\t\t\t\t\t<div class=\"e-con-inner\">\n\t\t\t\t<div class=\"elementor-element elementor-element-15c3b92 elementor-widget elementor-widget-text-editor\" data-id=\"15c3b92\" data-element_type=\"widget\" data-widget_type=\"text-editor.default\">\n\t\t\t\t<div class=\"elementor-widget-container\">\n\t\t\t\t\t\t\t\t\t<p><strong>Propri\u00e9t\u00e9 intellectuelle<\/strong><\/p>\t\t\t\t\t\t\t\t<\/div>\n\t\t\t\t<\/div>\n\t\t\t\t<div class=\"elementor-element elementor-element-aa8b07a elementor-widget elementor-widget-text-editor\" data-id=\"aa8b07a\" data-element_type=\"widget\" data-widget_type=\"text-editor.default\">\n\t\t\t\t<div class=\"elementor-widget-container\">\n\t\t\t\t\t\t\t\t\t<p>L&#8217;ensemble du contenu pr\u00e9sent sur le site\u00a0<a href=\"https:\/\/villa196.fr\/\" target=\"_blank\" rel=\"nofollow noopener noreferrer\">https:\/\/villa196.fr<\/a>\u00a0(textes, images, graphismes, logo, vid\u00e9os, design, etc.) est la propri\u00e9t\u00e9 exclusive de VILLA 19.6, sauf mention contraire. Toute reproduction, repr\u00e9sentation, diffusion, modification, ou exploitation, m\u00eame partielle, est strictement interdite sans autorisation \u00e9crite pr\u00e9alable.<\/p>\t\t\t\t\t\t\t\t<\/div>\n\t\t\t\t<\/div>\n\t\t\t\t\t<\/div>\n\t\t\t\t<\/div>\n\t\t<div class=\"elementor-element elementor-element-c48d171 e-flex e-con-boxed e-con e-parent\" data-id=\"c48d171\" data-element_type=\"container\">\n\t\t\t\t\t<div class=\"e-con-inner\">\n\t\t\t\t<div class=\"elementor-element elementor-element-3eeee3e elementor-widget-divider--view-line elementor-widget elementor-widget-divider\" data-id=\"3eeee3e\" data-element_type=\"widget\" data-widget_type=\"divider.default\">\n\t\t\t\t<div class=\"elementor-widget-container\">\n\t\t\t\t\t\t\t<div class=\"elementor-divider\">\n\t\t\t<span class=\"elementor-divider-separator\">\n\t\t\t\t\t\t<\/span>\n\t\t<\/div>\n\t\t\t\t\t\t<\/div>\n\t\t\t\t<\/div>\n\t\t\t\t\t<\/div>\n\t\t\t\t<\/div>\n\t\t<div class=\"elementor-element elementor-element-673b715 e-flex e-con-boxed e-con e-parent\" data-id=\"673b715\" data-element_type=\"container\">\n\t\t\t\t\t<div class=\"e-con-inner\">\n\t\t\t\t<div class=\"elementor-element elementor-element-a5dfb0d elementor-widget elementor-widget-text-editor\" data-id=\"a5dfb0d\" data-element_type=\"widget\" data-widget_type=\"text-editor.default\">\n\t\t\t\t<div class=\"elementor-widget-container\">\n\t\t\t\t\t\t\t\t\t<p><strong>Donn\u00e9es personnelles<\/strong><\/p>\t\t\t\t\t\t\t\t<\/div>\n\t\t\t\t<\/div>\n\t\t\t\t<div class=\"elementor-element elementor-element-df23d63 elementor-widget elementor-widget-text-editor\" data-id=\"df23d63\" data-element_type=\"widget\" data-widget_type=\"text-editor.default\">\n\t\t\t\t<div class=\"elementor-widget-container\">\n\t\t\t\t\t\t\t\t\t<div>Les donn\u00e9es collect\u00e9es via les formulaires du site sont destin\u00e9es uniquement \u00e0 la gestion des demandes et \u00e0 la relation client. Elles ne sont ni c\u00e9d\u00e9es ni vendues \u00e0 des tiers.<\/div><div>Conform\u00e9ment au R\u00e8glement G\u00e9n\u00e9ral sur la Protection des Donn\u00e9es (RGPD), vous disposez d\u2019un droit d\u2019acc\u00e8s, de rectification, d\u2019opposition, de limitation et de suppression des donn\u00e9es vous concernant.<br \/>Pour toute demande, vous pouvez \u00e9crire \u00e0 :\u00a0<strong><a href=\"mailto:contact@villa196.fr\" target=\"_blank\" rel=\"nofollow noopener noreferrer\">contact@villa196.fr<\/a><\/strong><\/div>\t\t\t\t\t\t\t\t<\/div>\n\t\t\t\t<\/div>\n\t\t\t\t\t<\/div>\n\t\t\t\t<\/div>\n\t\t<div class=\"elementor-element elementor-element-65cca6e e-flex e-con-boxed e-con e-parent\" data-id=\"65cca6e\" data-element_type=\"container\">\n\t\t\t\t\t<div class=\"e-con-inner\">\n\t\t\t\t<div class=\"elementor-element elementor-element-33d6e46 elementor-widget-divider--view-line elementor-widget elementor-widget-divider\" data-id=\"33d6e46\" data-element_type=\"widget\" data-widget_type=\"divider.default\">\n\t\t\t\t<div class=\"elementor-widget-container\">\n\t\t\t\t\t\t\t<div class=\"elementor-divider\">\n\t\t\t<span class=\"elementor-divider-separator\">\n\t\t\t\t\t\t<\/span>\n\t\t<\/div>\n\t\t\t\t\t\t<\/div>\n\t\t\t\t<\/div>\n\t\t\t\t\t<\/div>\n\t\t\t\t<\/div>\n\t\t<div class=\"elementor-element elementor-element-e177386 e-flex e-con-boxed e-con e-parent\" data-id=\"e177386\" data-element_type=\"container\">\n\t\t\t\t\t<div class=\"e-con-inner\">\n\t\t\t\t<div class=\"elementor-element elementor-element-f3e16c3 elementor-widget elementor-widget-text-editor\" data-id=\"f3e16c3\" data-element_type=\"widget\" data-widget_type=\"text-editor.default\">\n\t\t\t\t<div class=\"elementor-widget-container\">\n\t\t\t\t\t\t\t\t\t<p><strong>Cookies<\/strong><\/p>\t\t\t\t\t\t\t\t<\/div>\n\t\t\t\t<\/div>\n\t\t\t\t<div class=\"elementor-element elementor-element-0791de2 elementor-widget elementor-widget-text-editor\" data-id=\"0791de2\" data-element_type=\"widget\" data-widget_type=\"text-editor.default\">\n\t\t\t\t<div class=\"elementor-widget-container\">\n\t\t\t\t\t\t\t\t\t<div><div>Le site peut utiliser des cookies pour am\u00e9liorer l&#8217;exp\u00e9rience utilisateur, analyser le trafic et assurer le bon fonctionnement des services. Un bandeau d\u2019information permet de g\u00e9rer votre consentement \u00e0 l\u2019arriv\u00e9e sur le site.<\/div><div>Vous pouvez \u00e0 tout moment d\u00e9sactiver les cookies via les param\u00e8tres de votre navigateur.<\/div><\/div><div>\u00a0<\/div>\t\t\t\t\t\t\t\t<\/div>\n\t\t\t\t<\/div>\n\t\t\t\t\t<\/div>\n\t\t\t\t<\/div>\n\t\t<div class=\"elementor-element elementor-element-9f4900f e-flex e-con-boxed e-con e-parent\" data-id=\"9f4900f\" data-element_type=\"container\">\n\t\t\t\t\t<div class=\"e-con-inner\">\n\t\t\t\t<div class=\"elementor-element elementor-element-046b9b5 elementor-widget-divider--view-line elementor-widget elementor-widget-divider\" data-id=\"046b9b5\" data-element_type=\"widget\" data-widget_type=\"divider.default\">\n\t\t\t\t<div class=\"elementor-widget-container\">\n\t\t\t\t\t\t\t<div class=\"elementor-divider\">\n\t\t\t<span class=\"elementor-divider-separator\">\n\t\t\t\t\t\t<\/span>\n\t\t<\/div>\n\t\t\t\t\t\t<\/div>\n\t\t\t\t<\/div>\n\t\t\t\t\t<\/div>\n\t\t\t\t<\/div>\n\t\t<div class=\"elementor-element elementor-element-33c410f e-flex e-con-boxed e-con e-parent\" data-id=\"33c410f\" data-element_type=\"container\">\n\t\t\t\t\t<div class=\"e-con-inner\">\n\t\t\t\t<div class=\"elementor-element elementor-element-85049ff elementor-widget elementor-widget-text-editor\" data-id=\"85049ff\" data-element_type=\"widget\" data-widget_type=\"text-editor.default\">\n\t\t\t\t<div class=\"elementor-widget-container\">\n\t\t\t\t\t\t\t\t\t<p><strong>Responsabilit\u00e9<\/strong><\/p>\t\t\t\t\t\t\t\t<\/div>\n\t\t\t\t<\/div>\n\t\t\t\t<div class=\"elementor-element elementor-element-1eeccd5 elementor-widget elementor-widget-text-editor\" data-id=\"1eeccd5\" data-element_type=\"widget\" data-widget_type=\"text-editor.default\">\n\t\t\t\t<div class=\"elementor-widget-container\">\n\t\t\t\t\t\t\t\t\t<div><div>VILLA 19.6 s&#8217;efforce de fournir sur le site des informations aussi pr\u00e9cises que possible. Toutefois, des erreurs ou omissions peuvent survenir. L\u2019entreprise ne saurait \u00eatre tenue responsable de l\u2019utilisation qui pourrait \u00eatre faite des informations diffus\u00e9es sur le site.<\/div><\/div>\t\t\t\t\t\t\t\t<\/div>\n\t\t\t\t<\/div>\n\t\t\t\t\t<\/div>\n\t\t\t\t<\/div>\n\t\t\t\t<\/div>\n\t\t","protected":false},"excerpt":{"rendered":"<p>Mentions l\u00e9gales \u00c9diteur du site D\u00e9nomination sociale\u00a0: VILLA 19.6Forme juridique\u00a0: Soci\u00e9t\u00e9 \u00e0 responsabilit\u00e9 limit\u00e9e (SARL)SIREN\u00a0: 983 845 652SIRET\u00a0: 983 845 [&hellip;]<\/p>\n","protected":false},"author":1,"featured_media":0,"parent":0,"menu_order":0,"comment_status":"closed","ping_status":"closed","template":"","meta":{"site-sidebar-layout":"no-sidebar","site-content-layout":"","ast-site-content-layout":"full-width-container","site-content-style":"default","site-sidebar-style":"default","ast-global-header-display":"","ast-banner-title-visibility":"","ast-main-header-display":"","ast-hfb-above-header-display":"","ast-hfb-below-header-display":"","ast-hfb-mobile-header-display":"","site-post-title":"disabled","ast-breadcrumbs-content":"","ast-featured-img":"disabled","footer-sml-layout":"","theme-transparent-header-meta":"","adv-header-id-meta":"","stick-header-meta":"","header-above-stick-meta":"","header-main-stick-meta":"","header-below-stick-meta":"","astra-migrate-meta-layouts":"default","ast-page-background-enabled":"default","ast-page-background-meta":{"desktop":{"background-color":"var(--ast-global-color-4)","background-image":"","background-repeat":"repeat","background-position":"center center","background-size":"auto","background-attachment":"scroll","background-type":"","background-media":"","overlay-type":"","overlay-color":"","overlay-opacity":"","overlay-gradient":""},"tablet":{"background-color":"","background-image":"","background-repeat":"repeat","background-position":"center center","background-size":"auto","background-attachment":"scroll","background-type":"","background-media":"","overlay-type":"","overlay-color":"","overlay-opacity":"","overlay-gradient":""},"mobile":{"background-color":"","background-image":"","background-repeat":"repeat","background-position":"center center","background-size":"auto","background-attachment":"scroll","background-type":"","background-media":"","overlay-type":"","overlay-color":"","overlay-opacity":"","overlay-gradient":""}},"ast-content-background-meta":{"desktop":{"background-color":"var(--ast-global-color-5)","background-image":"","background-repeat":"repeat","background-position":"center center","background-size":"auto","background-attachment":"scroll","background-type":"","background-media":"","overlay-type":"","overlay-color":"","overlay-opacity":"","overlay-gradient":""},"tablet":{"background-color":"var(--ast-global-color-5)","background-image":"","background-repeat":"repeat","background-position":"center center","background-size":"auto","background-attachment":"scroll","background-type":"","background-media":"","overlay-type":"","overlay-color":"","overlay-opacity":"","overlay-gradient":""},"mobile":{"background-color":"var(--ast-global-color-5)","background-image":"","background-repeat":"repeat","background-position":"center center","background-size":"auto","background-attachment":"scroll","background-type":"","background-media":"","overlay-type":"","overlay-color":"","overlay-opacity":"","overlay-gradient":""}},"footnotes":""},"class_list":["post-1469","page","type-page","status-publish","hentry"],"_links":{"self":[{"href":"https:\/\/villa196.fr\/index.php\/wp-json\/wp\/v2\/pages\/1469","targetHints":{"allow":["GET"]}}],"collection":[{"href":"https:\/\/villa196.fr\/index.php\/wp-json\/wp\/v2\/pages"}],"about":[{"href":"https:\/\/villa196.fr\/index.php\/wp-json\/wp\/v2\/types\/page"}],"author":[{"embeddable":true,"href":"https:\/\/villa196.fr\/index.php\/wp-json\/wp\/v2\/users\/1"}],"replies":[{"embeddable":true,"href":"https:\/\/villa196.fr\/index.php\/wp-json\/wp\/v2\/comments?post=1469"}],"version-history":[{"count":10,"href":"https:\/\/villa196.fr\/index.php\/wp-json\/wp\/v2\/pages\/1469\/revisions"}],"predecessor-version":[{"id":1582,"href":"https:\/\/villa196.fr\/index.php\/wp-json\/wp\/v2\/pages\/1469\/revisions\/1582"}],"wp:attachment":[{"href":"https:\/\/villa196.fr\/index.php\/wp-json\/wp\/v2\/media?parent=1469"}],"curies":[{"name":"wp","href":"https:\/\/api.w.org\/{rel}","templated":true}]}}